{"id":176,"date":"2020-07-08T09:56:33","date_gmt":"2020-07-08T09:56:33","guid":{"rendered":"https:\/\/demosites.io\/electronic-store-gb\/?page_id=176"},"modified":"2022-12-07T13:20:50","modified_gmt":"2022-12-07T12:20:50","slug":"2db7c-home","status":"publish","type":"page","link":"https:\/\/av-lan.net\/","title":{"rendered":"Home"},"content":{"rendered":"\n<div id=\"wp-block-themeisle-blocks-advanced-columns-5cbc0c42\" class=\"wp-block-themeisle-blocks-advanced-columns alignfull has-2-columns has-desktop-equal-layout has-tablet-equal-layout has-mobile-collapsedRows-layout has-vertical-unset has-vertical-undefined\"><div class=\"wp-block-themeisle-blocks-advanced-columns-overlay\"><\/div><div class=\"innerblocks-wrap\">\n<div id=\"wp-block-themeisle-blocks-advanced-column-232d1164\" class=\"wp-block-themeisle-blocks-advanced-column\">\n<h6 id=\"wp-block-themeisle-blocks-advanced-heading-9204a547\" class=\"wp-block-themeisle-blocks-advanced-heading wp-block-themeisle-blocks-advanced-heading-9204a547\"><strong>AGUSTONI VIRTUAL NETWORK<\/strong><\/h6>\n\n\n\n<h1 id=\"wp-block-themeisle-blocks-advanced-heading-e8c6abcb\" class=\"wp-block-themeisle-blocks-advanced-heading wp-block-themeisle-blocks-advanced-heading-e8c6abcb\">Clever verbunden<\/h1>\n\n\n\n<p class=\"has-nv-text-dark-bg-color has-text-color\"><strong>Finde sichere M\u00f6glichkeiten, dich mit deinem Zuhause, deinen Freunden und deiner Familie sicher zu verbinden.<\/strong><\/p>\n\n\n\n<p class=\"has-nv-text-dark-bg-color has-text-color\">Erfahre, wie du Unterwegs und auch Zuhause deine wichtigen Daten auf AV-LAN speicherst, sicherst und abrufst.<\/p>\n\n\n\n<p>Ledf<\/p>\n\n\n\n<div style=\"height:1px\" aria-hidden=\"true\" class=\"wp-block-spacer\"><\/div>\n\n\n\n<div id=\"wp-block-themeisle-blocks-button-group-d97efcd8\" class=\"wp-block-themeisle-blocks-button-group wp-block-buttons\">\n<div id=\"wp-block-themeisle-blocks-button-1a0b0b04\" class=\"wp-block-themeisle-blocks-button wp-block-button\"><a href=\"https:\/\/av-lan.net\/shop\/\" target=\"_self\" rel=\"noopener noreferrer\" class=\"wp-block-button__link\"><span><strong>M\u00f6glichkeiten <\/strong><\/span><\/a><\/div>\n<\/div>\n<\/div>\n\n\n\n<div id=\"wp-block-themeisle-blocks-advanced-column-a27d54fa\" class=\"wp-block-themeisle-blocks-advanced-column\">\n<div style=\"height:350px\" aria-hidden=\"true\" class=\"wp-block-spacer\"><\/div>\n<\/div>\n<\/div><\/div>\n\n\n\n<div id=\"wp-block-themeisle-blocks-advanced-columns-69292fa2\" class=\"wp-block-themeisle-blocks-advanced-columns alignfull has-4-columns has-desktop-equal-layout has-tablet-twoColumnGrid-layout has-mobile-twoColumnGrid-layout has-vertical-unset link-white\"><div class=\"wp-block-themeisle-blocks-advanced-columns-overlay\"><\/div><div class=\"innerblocks-wrap\">\n<div id=\"wp-block-themeisle-blocks-advanced-column-30b66645\" class=\"wp-block-themeisle-blocks-advanced-column\">\n<div id=\"wp-block-themeisle-blocks-font-awesome-icons-dea3e21b\" class=\"wp-block-themeisle-blocks-font-awesome-icons\"><span class=\"wp-block-themeisle-blocks-font-awesome-icons-container\"><a href=\"https:\/\/av-lan.net\/shop\/\" target=\"_self\" rel=\"noopener noreferrer\"><i class=\"fas fa-server\"><\/i><\/a><\/span><\/div>\n\n\n\n<h4 id=\"wp-block-themeisle-blocks-advanced-heading-50a39aa9\" class=\"wp-block-themeisle-blocks-advanced-heading wp-block-themeisle-blocks-advanced-heading-50a39aa9\">Virtual Appliances<\/h4>\n<\/div>\n\n\n\n<div id=\"wp-block-themeisle-blocks-advanced-column-55a42693\" class=\"wp-block-themeisle-blocks-advanced-column\">\n<div id=\"wp-block-themeisle-blocks-font-awesome-icons-7e0baa33\" class=\"wp-block-themeisle-blocks-font-awesome-icons\"><span class=\"wp-block-themeisle-blocks-font-awesome-icons-container\"><a href=\"https:\/\/av-lan.net\/shop\/\" target=\"_self\" rel=\"noopener noreferrer\"><i class=\"fas fa-network-wired\"><\/i><\/a><\/span><\/div>\n\n\n\n<h4 id=\"wp-block-themeisle-blocks-advanced-heading-bd033d25\" class=\"wp-block-themeisle-blocks-advanced-heading wp-block-themeisle-blocks-advanced-heading-bd033d25\">Virtuelles Netzwerk<\/h4>\n<\/div>\n\n\n\n<div id=\"wp-block-themeisle-blocks-advanced-column-9e743c6f\" class=\"wp-block-themeisle-blocks-advanced-column\">\n<div id=\"wp-block-themeisle-blocks-font-awesome-icons-663b0367\" class=\"wp-block-themeisle-blocks-font-awesome-icons\"><span class=\"wp-block-themeisle-blocks-font-awesome-icons-container\"><a href=\"https:\/\/av-lan.net\/shop\/\" target=\"_self\" rel=\"noopener noreferrer\"><i class=\"fas fa-laptop\"><\/i><\/a><\/span><\/div>\n\n\n\n<h4 id=\"wp-block-themeisle-blocks-advanced-heading-f89cf52d\" class=\"wp-block-themeisle-blocks-advanced-heading wp-block-themeisle-blocks-advanced-heading-f89cf52d\"><a rel=\"noreferrer noopener\" href=\"https:\/\/demosites.io\/neve-electronics-store\/neve-electronics-store-shop\/\" target=\"_blank\"><\/a>Clientanwendungen<\/h4>\n<\/div>\n\n\n\n<div id=\"wp-block-themeisle-blocks-advanced-column-75456168\" class=\"wp-block-themeisle-blocks-advanced-column\">\n<div id=\"wp-block-themeisle-blocks-font-awesome-icons-f8ea86f8\" class=\"wp-block-themeisle-blocks-font-awesome-icons\"><span class=\"wp-block-themeisle-blocks-font-awesome-icons-container\"><a href=\"https:\/\/av-lan.net\/shop\/\" target=\"_self\" rel=\"noopener noreferrer\"><i class=\"fas fa-laptop-house\"><\/i><\/a><\/span><\/div>\n\n\n\n<h4 id=\"wp-block-themeisle-blocks-advanced-heading-0b015511\" class=\"wp-block-themeisle-blocks-advanced-heading wp-block-themeisle-blocks-advanced-heading-0b015511\">Heimnetz-Erweiterungen<\/h4>\n<\/div>\n<\/div><\/div>\n\n\n\n<div id=\"wp-block-themeisle-blocks-advanced-columns-6e279c1c\" class=\"wp-block-themeisle-blocks-advanced-columns alignfull has-1-columns has-desktop-equal-layout has-tablet-equal-layout has-mobile-equal-layout has-vertical-unset\"><div class=\"wp-block-themeisle-blocks-advanced-columns-overlay\"><\/div><div class=\"innerblocks-wrap\">\n<div id=\"wp-block-themeisle-blocks-advanced-column-ad26e54e\" class=\"wp-block-themeisle-blocks-advanced-column\">\n<h2 id=\"wp-block-themeisle-blocks-advanced-heading-29b72b59\" class=\"wp-block-themeisle-blocks-advanced-heading wp-block-themeisle-blocks-advanced-heading-29b72b59\">Demn\u00e4chst verf\u00fcgbar&#8230;<\/h2>\n<\/div>\n<\/div><\/div>\n\n\n\n<div id=\"wp-block-themeisle-blocks-advanced-columns-6789ab19\" class=\"wp-block-themeisle-blocks-advanced-columns alignfull has-2-columns has-desktop-equal-layout has-tablet-equal-layout has-mobile-collapsedRows-layout has-vertical-unset has-vertical-undefined\"><div class=\"wp-block-themeisle-blocks-advanced-columns-overlay\"><\/div><div class=\"innerblocks-wrap\">\n<div id=\"wp-block-themeisle-blocks-advanced-column-0e7094fd\" class=\"wp-block-themeisle-blocks-advanced-column\">\n<p class=\"has-neve-text-color-color has-text-color\">Voraussichtlich Verf\u00fcgbar am: 12.1.23 <\/p>\n\n\n\n<h2 id=\"wp-block-themeisle-blocks-advanced-heading-b6c7333c\" class=\"wp-block-themeisle-blocks-advanced-heading wp-block-themeisle-blocks-advanced-heading-b6c7333c\">20 vCPU&#8217;s<\/h2>\n\n\n\n<p class=\"has-neve-text-color-color has-text-color\"><strong><span class=\"highlight\"><mark style=\"background-color:rgba(0, 0, 0, 0)\" class=\"has-inline-color has-neve-link-color-color\">Wir r\u00fcsten auf! <\/mark><\/span><\/strong>F\u00fcr die Anspruchsvollen unter Euch haben wir erneut die M\u00f6glichkeit gefunden, virtuelle Instanzen zu hosten.<\/p>\n\n\n\n<div style=\"height:20px\" aria-hidden=\"true\" class=\"wp-block-spacer\"><\/div>\n\n\n\n<div id=\"wp-block-themeisle-blocks-button-group-4c3b83a1\" class=\"wp-block-themeisle-blocks-button-group wp-block-buttons align-left\">\n<div id=\"wp-block-themeisle-blocks-button-50727559\" class=\"wp-block-themeisle-blocks-button wp-block-button\"><a href=\"https:\/\/av-lan.net\/product\/dirock-laptop\/\" target=\"_self\" rel=\"noopener noreferrer\" class=\"wp-block-button__link\"><span><strong>Angebote<\/strong><\/span><\/a><\/div>\n<\/div>\n<\/div>\n\n\n\n<div id=\"wp-block-themeisle-blocks-advanced-column-8367af47\" class=\"wp-block-themeisle-blocks-advanced-column\">\n<div style=\"height:200px\" aria-hidden=\"true\" class=\"wp-block-spacer\"><\/div>\n<\/div>\n<\/div><\/div>\n\n\n\n<div id=\"wp-block-themeisle-blocks-advanced-columns-33c4d7b2\" class=\"wp-block-themeisle-blocks-advanced-columns alignfull has-2-columns has-desktop-equal-layout has-tablet-equal-layout has-mobile-collapsedRows-layout has-vertical-center\"><div class=\"wp-block-themeisle-blocks-advanced-columns-overlay\"><\/div><div class=\"innerblocks-wrap\">\n<div id=\"wp-block-themeisle-blocks-advanced-column-d94d6f49\" class=\"wp-block-themeisle-blocks-advanced-column\">\n<figure class=\"wp-block-image size-large\"><img fetchpriority=\"high\" decoding=\"async\" width=\"1024\" height=\"768\" src=\"https:\/\/av-lan.net\/wp-content\/uploads\/2022\/10\/795-Konvertiert-1024x768.png\" alt=\"\" class=\"wp-image-349\" srcset=\"https:\/\/av-lan.net\/wp-content\/uploads\/2022\/10\/795-Konvertiert-1024x768.png 1024w, https:\/\/av-lan.net\/wp-content\/uploads\/2022\/10\/795-Konvertiert-300x225.png 300w, https:\/\/av-lan.net\/wp-content\/uploads\/2022\/10\/795-Konvertiert-768x576.png 768w, https:\/\/av-lan.net\/wp-content\/uploads\/2022\/10\/795-Konvertiert-1536x1152.png 1536w, https:\/\/av-lan.net\/wp-content\/uploads\/2022\/10\/795-Konvertiert-2048x1536.png 2048w, https:\/\/av-lan.net\/wp-content\/uploads\/2022\/10\/795-Konvertiert-600x450.png 600w\" sizes=\"(max-width: 1024px) 100vw, 1024px\" \/><\/figure>\n<\/div>\n\n\n\n<div id=\"wp-block-themeisle-blocks-advanced-column-426a1fc4\" class=\"wp-block-themeisle-blocks-advanced-column\">\n<h4 id=\"wp-block-themeisle-blocks-advanced-heading-10b3fa16\" class=\"wp-block-themeisle-blocks-advanced-heading wp-block-themeisle-blocks-advanced-heading-10b3fa16\"><strong>Virtuelle Istanzen <\/strong><\/h4>\n\n\n\n<h2 id=\"wp-block-themeisle-blocks-advanced-heading-96eb5f95\" class=\"wp-block-themeisle-blocks-advanced-heading wp-block-themeisle-blocks-advanced-heading-96eb5f95\">vHost basic<\/h2>\n\n\n\n<div style=\"height:20px\" aria-hidden=\"true\" class=\"wp-block-spacer\"><\/div>\n\n\n\n<div id=\"wp-block-themeisle-blocks-button-group-1338d974\" class=\"wp-block-themeisle-blocks-button-group collapse-tablet wp-block-buttons\">\n<div id=\"wp-block-themeisle-blocks-button-97364f25\" class=\"wp-block-themeisle-blocks-button wp-block-button\"><a href=\"\" target=\"_self\" rel=\"noopener noreferrer\" class=\"wp-block-button__link\"><i class=\"fas fa-fw fa-memory margin-right\"><\/i><span><strong>4 GB<\/strong><\/span><\/a><\/div>\n\n\n\n<div id=\"wp-block-themeisle-blocks-button-e12983d3\" class=\"wp-block-themeisle-blocks-button wp-block-button\"><a href=\"\" target=\"_self\" rel=\"noopener noreferrer\" class=\"wp-block-button__link\"><i class=\"fas fa-fw fa-hdd margin-right\"><\/i><span>256 GB<\/span><\/a><\/div>\n\n\n\n<div id=\"wp-block-themeisle-blocks-button-bd019c2d\" class=\"wp-block-themeisle-blocks-button wp-block-button\"><a href=\"\" target=\"_self\" rel=\"noopener noreferrer\" class=\"wp-block-button__link\"><i class=\"fas fa-fw fa-microchip margin-right\"><\/i><span><strong><strong>x86-Server-Prozessor<\/strong><\/strong><\/span><\/a><\/div>\n\n\n\n<div id=\"wp-block-themeisle-blocks-button-7ed450b0\" class=\"wp-block-themeisle-blocks-button wp-block-button\"><a href=\"\" target=\"_self\" rel=\"noopener noreferrer\" class=\"wp-block-button__link\"><i class=\"fas fa-fw fa-network-wired margin-right\"><\/i><span><strong><strong>10 gbit-symmetrisch<\/strong><\/strong><\/span><\/a><\/div>\n<\/div>\n\n\n\n<p><strong>F\u00fcr eigene kleinere Projekte.<\/strong> Enthalten im Preis sind bereits alle Kosten f\u00fcr Sicherheit, Strom, Backups, 1 fixe IP-Adresse, sowie zugang physisch zum Rack, oder per VPN enthalten.<\/p>\n\n\n\n<p><strong>Ultraschneller Speicher:<\/strong><\/p>\n\n\n\n<p>Wir setzen komplett auf NVMe mit sehr hohen Datenraten. So k\u00f6nnen die Hosts auch schreibintensive Anforderungen vollumf\u00e4nglich erf\u00fcllen.<\/p>\n\n\n\n<div style=\"height:20px\" aria-hidden=\"true\" class=\"wp-block-spacer\"><\/div>\n\n\n\n<div id=\"wp-block-themeisle-blocks-button-group-c0520ee4\" class=\"wp-block-themeisle-blocks-button-group wp-block-buttons align-left\">\n<div id=\"wp-block-themeisle-blocks-button-c3a8af29\" class=\"wp-block-themeisle-blocks-button wp-block-button\"><a href=\"https:\/\/av-lan.net\/product\/dirock-laptop\/\" target=\"_self\" rel=\"noopener noreferrer\" class=\"wp-block-button__link\"><span><strong>KONFIGURIEREN<\/strong><\/span><\/a><\/div>\n<\/div>\n<\/div>\n<\/div><\/div>\n\n\n\n<div id=\"wp-block-themeisle-blocks-advanced-columns-d99435aa\" class=\"wp-block-themeisle-blocks-advanced-columns alignfull has-3-columns has-desktop-equal-layout has-tablet-collapsedRows-layout has-mobile-collapsedRows-layout has-vertical-unset has-vertical-undefined\"><div class=\"wp-block-themeisle-blocks-advanced-columns-overlay\"><\/div><div class=\"innerblocks-wrap\">\n<div id=\"wp-block-themeisle-blocks-advanced-column-4fa78f59\" class=\"wp-block-themeisle-blocks-advanced-column\">\n<div class=\"wp-block-columns is-layout-flex wp-container-core-columns-is-layout-9d6595d7 wp-block-columns-is-layout-flex\">\n<div class=\"wp-block-column is-vertically-aligned-center link-darkgrey is-layout-flow wp-block-column-is-layout-flow\" style=\"flex-basis:70%\">\n<h3 id=\"wp-block-themeisle-blocks-advanced-heading-6b836e46\" class=\"wp-block-themeisle-blocks-advanced-heading wp-block-themeisle-blocks-advanced-heading-6b836e46\"><a href=\"#\">Daten-<\/a><\/h3>\n\n\n\n<h3 id=\"wp-block-themeisle-blocks-advanced-heading-9230ce87\" class=\"wp-block-themeisle-blocks-advanced-heading wp-block-themeisle-blocks-advanced-heading-9230ce87\"><a href=\"#\">sicherheit<\/a><\/h3>\n<\/div>\n\n\n\n<div class=\"wp-block-column is-layout-flow wp-block-column-is-layout-flow\">\n<div id=\"wp-block-themeisle-blocks-button-group-a1996148\" class=\"wp-block-themeisle-blocks-button-group wp-block-buttons\">\n<div id=\"wp-block-themeisle-blocks-button-eb61ca01\" class=\"wp-block-themeisle-blocks-button wp-block-button\"><a href=\"#\" target=\"_self\" rel=\"noopener noreferrer\" class=\"wp-block-button__link\"><i class=\"fas fa-fw fa-user-secret\"><\/i><\/a><\/div>\n<\/div>\n<\/div>\n<\/div>\n<\/div>\n\n\n\n<div id=\"wp-block-themeisle-blocks-advanced-column-7a660674\" class=\"wp-block-themeisle-blocks-advanced-column\">\n<div class=\"wp-block-columns is-layout-flex wp-container-core-columns-is-layout-9d6595d7 wp-block-columns-is-layout-flex\">\n<div class=\"wp-block-column is-vertically-aligned-center link-darkgrey is-layout-flow wp-block-column-is-layout-flow\" style=\"flex-basis:70%\">\n<h3 id=\"wp-block-themeisle-blocks-advanced-heading-7f4ab985\" class=\"wp-block-themeisle-blocks-advanced-heading wp-block-themeisle-blocks-advanced-heading-7f4ab985\"><a href=\"#\">Verf\u00fcgbare Hardware<\/a><\/h3>\n<\/div>\n\n\n\n<div class=\"wp-block-column is-layout-flow wp-block-column-is-layout-flow\">\n<div id=\"wp-block-themeisle-blocks-button-group-70c460d2\" class=\"wp-block-themeisle-blocks-button-group wp-block-buttons\">\n<div id=\"wp-block-themeisle-blocks-button-f9fa0e5c\" class=\"wp-block-themeisle-blocks-button wp-block-button\"><a href=\"#\" target=\"_self\" rel=\"noopener noreferrer\" class=\"wp-block-button__link\"><i class=\"fas fa-fw fa-server\"><\/i><\/a><\/div>\n<\/div>\n<\/div>\n<\/div>\n<\/div>\n\n\n\n<div id=\"wp-block-themeisle-blocks-advanced-column-407e8965\" class=\"wp-block-themeisle-blocks-advanced-column\">\n<div class=\"wp-block-columns is-layout-flex wp-container-core-columns-is-layout-9d6595d7 wp-block-columns-is-layout-flex\">\n<div class=\"wp-block-column is-vertically-aligned-center link-darkgrey is-layout-flow wp-block-column-is-layout-flow\" style=\"flex-basis:70%\">\n<h3 id=\"wp-block-themeisle-blocks-advanced-heading-294c6072\" class=\"wp-block-themeisle-blocks-advanced-heading wp-block-themeisle-blocks-advanced-heading-294c6072\"><a href=\"https:\/\/demosites.io\/electronics-store\/#\"><\/a><a href=\"https:\/\/demosites.io\/electronics-store\/#\"><\/a><a href=\"#\">Webhosting<\/a><\/h3>\n<\/div>\n\n\n\n<div class=\"wp-block-column is-layout-flow wp-block-column-is-layout-flow\">\n<div id=\"wp-block-themeisle-blocks-button-group-8ece28a4\" class=\"wp-block-themeisle-blocks-button-group wp-block-buttons\">\n<div id=\"wp-block-themeisle-blocks-button-79ab0334\" class=\"wp-block-themeisle-blocks-button wp-block-button\"><a href=\"#\" target=\"_self\" rel=\"noopener noreferrer\" class=\"wp-block-button__link\"><i class=\"fas fa-fw fa-cloud\"><\/i><\/a><\/div>\n<\/div>\n<\/div>\n<\/div>\n<\/div>\n<\/div><\/div>\n","protected":false},"excerpt":{"rendered":"","protected":false},"author":2,"featured_media":0,"parent":0,"menu_order":0,"comment_status":"closed","ping_status":"closed","template":"","meta":{"neve_meta_sidebar":"full-width","neve_meta_container":"","neve_meta_enable_content_width":"on","neve_meta_content_width":100,"neve_meta_title_alignment":"","neve_meta_author_avatar":"","neve_post_elements_order":"","neve_meta_disable_header":"","neve_meta_disable_footer":"","neve_meta_disable_title":"on","_themeisle_gutenberg_block_has_review":false,"footnotes":""},"class_list":["post-176","page","type-page","status-publish","hentry"],"_links":{"self":[{"href":"https:\/\/av-lan.net\/index.php\/wp-json\/wp\/v2\/pages\/176","targetHints":{"allow":["GET"]}}],"collection":[{"href":"https:\/\/av-lan.net\/index.php\/wp-json\/wp\/v2\/pages"}],"about":[{"href":"https:\/\/av-lan.net\/index.php\/wp-json\/wp\/v2\/types\/page"}],"author":[{"embeddable":true,"href":"https:\/\/av-lan.net\/index.php\/wp-json\/wp\/v2\/users\/2"}],"replies":[{"embeddable":true,"href":"https:\/\/av-lan.net\/index.php\/wp-json\/wp\/v2\/comments?post=176"}],"version-history":[{"count":0,"href":"https:\/\/av-lan.net\/index.php\/wp-json\/wp\/v2\/pages\/176\/revisions"}],"wp:attachment":[{"href":"https:\/\/av-lan.net\/index.php\/wp-json\/wp\/v2\/media?parent=176"}],"curies":[{"name":"wp","href":"https:\/\/api.w.org\/{rel}","templated":true}]}}